{"id":251,"date":"2023-03-21T15:57:42","date_gmt":"2023-03-21T14:57:42","guid":{"rendered":"https:\/\/www.nachtsicht-jagd.de\/ratgeber\/?page_id=251"},"modified":"2023-04-07T10:58:48","modified_gmt":"2023-04-07T08:58:48","slug":"seissiger-wildkamera-hilfe","status":"publish","type":"page","link":"https:\/\/www.nachtsicht-jagd.de\/ratgeber\/ratgeber\/seissiger-wildkamera-hilfe\/","title":{"rendered":"Seissiger Wildkamera-Hilfe"},"content":{"rendered":"<section  class='av_textblock_section av-lfkrsw1s-890616aae2d0cd7c239ac6bfe58f99c9 '   itemscope=\"itemscope\" itemtype=\"https:\/\/schema.org\/CreativeWork\" ><div class='avia_textblock'  itemprop=\"text\" ><h3><em>Seissiger Wildkamera<\/em> Hilfe<\/h3>\n<h4>Hier der Schnell \u2013 Check deine Wildkamera:<\/h4>\n<h5>Wenn Deine <em>Wildkamera<\/em> keine Fotos oder Videos schicken, das befolge die folgenden Schritte:<\/h5>\n<ol>\n<li>Hast Du genug Guthaben auf deinem <em>Seissiger Wildkamera<\/em> &#8211; <em>SUPERSIM<\/em>-Konto?<br \/>\n(das brauchst Du nat\u00fcrlich nur bei <em>Seissiger <\/em><em>Wildkameras<\/em> mit <em>SUPERSIM<\/em>-Edition)<\/li>\n<li>Hast du die Sendefunktion der <em>Seissiger <\/em><em>Wildkamera<\/em> in der App\/im Portal aktiviert?\u00a0(Das betrifft <em>Wildkameras<\/em> aus der <em>SUPERSIM<\/em>-Edition)<br \/>\nDas \u00f6ffnest du im Portal [my.supersim.camera] oder in der App oder im Portal die Navigation <em>Kameras.<\/em> Dort findest du die betroffene <em>Seissiger Wildkamera<\/em>, hier stellst du sicher, dass der Schieberegler f\u00fcr diese <em>Wildkamera<\/em> auf Gr\u00fcn steht. Und das muss du auch abspeichern in dem Du auf speichern klickst.<\/li>\n<li>Die <em>Wildkamera<\/em> speichert keine Aufnahmen auf der SD-Karte?<br \/>\nEs sind keine Aufnahmen auf der SD-Karte der <em>Wildkamera<\/em>, dann kann die <em>Wildkamera<\/em> auch keine Aufnahmen verschicken.<br \/>\nDu kannst die SD-Karte an einem Computer formatieren oder eine neue einsetzen. Bitte achte darauf das die SD-Karte auch nicht gesperrt ist, der Schieberegler an der Karte muss oben sein. Und jetzt versuche es erneut.<\/li>\n<li>Gib deiner <em>Seissiger <\/em><em>Wildkamera<\/em> genug Zeit zum Versenden: das stellt di mit Sensorpause ein.<br \/>\nGerade bei \u00e4lteren <em>Wildkamera<\/em> ist es wichtig, dass die Sensorpause nicht zu kurz eingestellt ist.<br \/>\n2G-<em> Wildkamera<\/em> brechen den Sendevorgang einer Aufnahme sofort ab, wenn eine neue Aufnahme gemacht wird. Daher sollte die Sensorpause auf mindestens 3 Minuten eingestellt sein. Bei der <em>Seissiger <\/em>LTE-<em> Wildkamera<\/em> ist die Sensorpause nicht so entscheidend, da sich diese automatisch verl\u00e4ngert, bis deine <em>Wildkamera<\/em> eine Aufnahme erfolgreich verschickt hat.<\/li>\n<li>Ist deine <em>Seissiger <\/em><em>Wildkamera<\/em> ins beste Netz eingew\u00e4hlt?\u00a0(Betrifft <em>Wildkamera<\/em> der SUPERSIM-Edition)<br \/>\n<em>SEISSIGER<\/em>&#8211;<em> Wildkamera<\/em> haben die M\u00f6glichkeit einen sog. Fullscan durchzuf\u00fchren. D. h. die <em>Wildkamera<\/em> pr\u00fcfen alle Sendemasten jedes verf\u00fcgbaren Providers an dem aktuellen Standort und suchen sich so die optimale Verbindung. Den Fullscan findest du im 4. Kapitel des <em>Wildkamera<\/em>-Men\u00fcs. W\u00e4hle den Punkt &#8222;Fullscan&#8220; aus und dr\u00fccke die &#8222;OK-Taste&#8220;. Es erscheint im Display ein oder mehrere hintereinander Nummerncodes, sobald diese erloschen sind verl\u00e4sst du das Men\u00fc der <em>Wildkamera<\/em> wieder, es erscheint auch kurz &#8222;Fullscan completed&#8220;. Anschlie\u00dfend zeigt dir die <em>Wildkamera<\/em> \u00a0im oberen rechten Eck des Displays, welches das beste Netz am aktuellen Standort ist. So, jetzt schiebst du den Schieberegler auf \u201eon\u201c und die <em>Wildkamera ist jetzt einsatzbereit.<\/em><\/li>\n<li>Jetzt steht einem erfolgreichen Senden von Aufnahmen nichts mehr im Weg.<br \/>\nDu kannst noch ein Testfoto versenden und die Funktion zu \u00fcberpr\u00fcfen. Bei deiner <em>Wildkamera<\/em> geschieht dies im Setup-Modus, indem man die &#8222;OK-Taste&#8220; dr\u00fcckt. Du wirst dann gefragt, ob du &#8222;diese Aufnahme senden&#8220; m\u00f6chtest. Wenn ja, best\u00e4tigst du das bitte mit erneutem dr\u00fccken der OK-Taste. Wenn das funktioniert hat steht im Display &#8222;erfolgreich gesendet&#8220;.<br \/>\nSollte hier &#8222;Failed&#8220; erscheinen, stellst Du die <em>Seissiger <\/em><em>Wildkamera<\/em> bitte \u00fcber das Men\u00fc &#8222;Werkseinstellungen&#8220; zur\u00fcck und wiederholst den Vorgang &#8222;Test-Aufnahme\u201c.<\/li>\n<\/ol>\n<\/div><\/section>\n","protected":false},"excerpt":{"rendered":"","protected":false},"author":1,"featured_media":0,"parent":249,"menu_order":0,"comment_status":"closed","ping_status":"closed","template":"","meta":{"footnotes":""},"class_list":["post-251","page","type-page","status-publish","hentry"],"yoast_head":"<!-- This site is optimized with the Yoast SEO plugin v27.1.1 - https:\/\/yoast.com\/product\/yoast-seo-wordpress\/ -->\n<title>Seissiger Wildkamera-Hilfe - Nachtsicht-Jagd<\/title>\n<meta name=\"description\" content=\"Mit Supersim ist jede Art von Wildkamera nutzen, was bei Seissiger Wildkamera Standard ist. Supersim der Prepaid Service von Seissiger.\" \/>\n<meta name=\"robots\" content=\"index, follow, max-snippet:-1, max-image-preview:large, max-video-preview:-1\" \/>\n<link rel=\"canonical\" href=\"https:\/\/www.nachtsicht-jagd.de\/ratgeber\/ratgeber\/seissiger-wildkamera-hilfe\/\" \/>\n<meta property=\"og:locale\" content=\"de_DE\" \/>\n<meta property=\"og:type\" content=\"article\" \/>\n<meta property=\"og:title\" content=\"Seissiger Wildkamera-Hilfe - Nachtsicht-Jagd\" \/>\n<meta property=\"og:description\" content=\"Mit Supersim ist jede Art von Wildkamera nutzen, was bei Seissiger Wildkamera Standard ist. Supersim der Prepaid Service von Seissiger.\" \/>\n<meta property=\"og:url\" content=\"https:\/\/www.nachtsicht-jagd.de\/ratgeber\/ratgeber\/seissiger-wildkamera-hilfe\/\" \/>\n<meta property=\"og:site_name\" content=\"Nachtsicht-Jagd\" \/>\n<meta property=\"article:modified_time\" content=\"2023-04-07T08:58:48+00:00\" \/>\n<meta name=\"twitter:card\" content=\"summary_large_image\" \/>\n<meta name=\"twitter:label1\" content=\"Gesch\u00e4tzte Lesezeit\" \/>\n\t<meta name=\"twitter:data1\" content=\"3\u00a0Minuten\" \/>\n<script type=\"application\/ld+json\" class=\"yoast-schema-graph\">{\"@context\":\"https:\/\/schema.org\",\"@graph\":[{\"@type\":\"WebPage\",\"@id\":\"https:\/\/www.nachtsicht-jagd.de\/ratgeber\/ratgeber\/seissiger-wildkamera-hilfe\/\",\"url\":\"https:\/\/www.nachtsicht-jagd.de\/ratgeber\/ratgeber\/seissiger-wildkamera-hilfe\/\",\"name\":\"Seissiger Wildkamera-Hilfe - Nachtsicht-Jagd\",\"isPartOf\":{\"@id\":\"https:\/\/www.nachtsicht-jagd.de\/ratgeber\/#website\"},\"datePublished\":\"2023-03-21T14:57:42+00:00\",\"dateModified\":\"2023-04-07T08:58:48+00:00\",\"description\":\"Mit Supersim ist jede Art von Wildkamera nutzen, was bei Seissiger Wildkamera Standard ist. Supersim der Prepaid Service von Seissiger.\",\"breadcrumb\":{\"@id\":\"https:\/\/www.nachtsicht-jagd.de\/ratgeber\/ratgeber\/seissiger-wildkamera-hilfe\/#breadcrumb\"},\"inLanguage\":\"de\",\"potentialAction\":[{\"@type\":\"ReadAction\",\"target\":[\"https:\/\/www.nachtsicht-jagd.de\/ratgeber\/ratgeber\/seissiger-wildkamera-hilfe\/\"]}]},{\"@type\":\"BreadcrumbList\",\"@id\":\"https:\/\/www.nachtsicht-jagd.de\/ratgeber\/ratgeber\/seissiger-wildkamera-hilfe\/#breadcrumb\",\"itemListElement\":[{\"@type\":\"ListItem\",\"position\":1,\"name\":\"Startseite\",\"item\":\"https:\/\/www.nachtsicht-jagd.de\/ratgeber\/\"},{\"@type\":\"ListItem\",\"position\":2,\"name\":\"Ratgeber\",\"item\":\"https:\/\/www.nachtsicht-jagd.de\/ratgeber\/ratgeber\/\"},{\"@type\":\"ListItem\",\"position\":3,\"name\":\"Seissiger Wildkamera-Hilfe\"}]},{\"@type\":\"WebSite\",\"@id\":\"https:\/\/www.nachtsicht-jagd.de\/ratgeber\/#website\",\"url\":\"https:\/\/www.nachtsicht-jagd.de\/ratgeber\/\",\"name\":\"Nachtsicht-Jagd\",\"description\":\"Offizieller DIYCON Vertriebspartner\",\"potentialAction\":[{\"@type\":\"SearchAction\",\"target\":{\"@type\":\"EntryPoint\",\"urlTemplate\":\"https:\/\/www.nachtsicht-jagd.de\/ratgeber\/?s={search_term_string}\"},\"query-input\":{\"@type\":\"PropertyValueSpecification\",\"valueRequired\":true,\"valueName\":\"search_term_string\"}}],\"inLanguage\":\"de\"}]}<\/script>\n<!-- \/ Yoast SEO plugin. -->","yoast_head_json":{"title":"Seissiger Wildkamera-Hilfe - Nachtsicht-Jagd","description":"Mit Supersim ist jede Art von Wildkamera nutzen, was bei Seissiger Wildkamera Standard ist. Supersim der Prepaid Service von Seissiger.","robots":{"index":"index","follow":"follow","max-snippet":"max-snippet:-1","max-image-preview":"max-image-preview:large","max-video-preview":"max-video-preview:-1"},"canonical":"https:\/\/www.nachtsicht-jagd.de\/ratgeber\/ratgeber\/seissiger-wildkamera-hilfe\/","og_locale":"de_DE","og_type":"article","og_title":"Seissiger Wildkamera-Hilfe - Nachtsicht-Jagd","og_description":"Mit Supersim ist jede Art von Wildkamera nutzen, was bei Seissiger Wildkamera Standard ist. Supersim der Prepaid Service von Seissiger.","og_url":"https:\/\/www.nachtsicht-jagd.de\/ratgeber\/ratgeber\/seissiger-wildkamera-hilfe\/","og_site_name":"Nachtsicht-Jagd","article_modified_time":"2023-04-07T08:58:48+00:00","twitter_card":"summary_large_image","twitter_misc":{"Gesch\u00e4tzte Lesezeit":"3\u00a0Minuten"},"schema":{"@context":"https:\/\/schema.org","@graph":[{"@type":"WebPage","@id":"https:\/\/www.nachtsicht-jagd.de\/ratgeber\/ratgeber\/seissiger-wildkamera-hilfe\/","url":"https:\/\/www.nachtsicht-jagd.de\/ratgeber\/ratgeber\/seissiger-wildkamera-hilfe\/","name":"Seissiger Wildkamera-Hilfe - Nachtsicht-Jagd","isPartOf":{"@id":"https:\/\/www.nachtsicht-jagd.de\/ratgeber\/#website"},"datePublished":"2023-03-21T14:57:42+00:00","dateModified":"2023-04-07T08:58:48+00:00","description":"Mit Supersim ist jede Art von Wildkamera nutzen, was bei Seissiger Wildkamera Standard ist. Supersim der Prepaid Service von Seissiger.","breadcrumb":{"@id":"https:\/\/www.nachtsicht-jagd.de\/ratgeber\/ratgeber\/seissiger-wildkamera-hilfe\/#breadcrumb"},"inLanguage":"de","potentialAction":[{"@type":"ReadAction","target":["https:\/\/www.nachtsicht-jagd.de\/ratgeber\/ratgeber\/seissiger-wildkamera-hilfe\/"]}]},{"@type":"BreadcrumbList","@id":"https:\/\/www.nachtsicht-jagd.de\/ratgeber\/ratgeber\/seissiger-wildkamera-hilfe\/#breadcrumb","itemListElement":[{"@type":"ListItem","position":1,"name":"Startseite","item":"https:\/\/www.nachtsicht-jagd.de\/ratgeber\/"},{"@type":"ListItem","position":2,"name":"Ratgeber","item":"https:\/\/www.nachtsicht-jagd.de\/ratgeber\/ratgeber\/"},{"@type":"ListItem","position":3,"name":"Seissiger Wildkamera-Hilfe"}]},{"@type":"WebSite","@id":"https:\/\/www.nachtsicht-jagd.de\/ratgeber\/#website","url":"https:\/\/www.nachtsicht-jagd.de\/ratgeber\/","name":"Nachtsicht-Jagd","description":"Offizieller DIYCON Vertriebspartner","potentialAction":[{"@type":"SearchAction","target":{"@type":"EntryPoint","urlTemplate":"https:\/\/www.nachtsicht-jagd.de\/ratgeber\/?s={search_term_string}"},"query-input":{"@type":"PropertyValueSpecification","valueRequired":true,"valueName":"search_term_string"}}],"inLanguage":"de"}]}},"_links":{"self":[{"href":"https:\/\/www.nachtsicht-jagd.de\/ratgeber\/wp-json\/wp\/v2\/pages\/251","targetHints":{"allow":["GET"]}}],"collection":[{"href":"https:\/\/www.nachtsicht-jagd.de\/ratgeber\/wp-json\/wp\/v2\/pages"}],"about":[{"href":"https:\/\/www.nachtsicht-jagd.de\/ratgeber\/wp-json\/wp\/v2\/types\/page"}],"author":[{"embeddable":true,"href":"https:\/\/www.nachtsicht-jagd.de\/ratgeber\/wp-json\/wp\/v2\/users\/1"}],"replies":[{"embeddable":true,"href":"https:\/\/www.nachtsicht-jagd.de\/ratgeber\/wp-json\/wp\/v2\/comments?post=251"}],"version-history":[{"count":16,"href":"https:\/\/www.nachtsicht-jagd.de\/ratgeber\/wp-json\/wp\/v2\/pages\/251\/revisions"}],"predecessor-version":[{"id":404,"href":"https:\/\/www.nachtsicht-jagd.de\/ratgeber\/wp-json\/wp\/v2\/pages\/251\/revisions\/404"}],"up":[{"embeddable":true,"href":"https:\/\/www.nachtsicht-jagd.de\/ratgeber\/wp-json\/wp\/v2\/pages\/249"}],"wp:attachment":[{"href":"https:\/\/www.nachtsicht-jagd.de\/ratgeber\/wp-json\/wp\/v2\/media?parent=251"}],"curies":[{"name":"wp","href":"https:\/\/api.w.org\/{rel}","templated":true}]}}