{"id":253,"date":"2023-03-21T15:58:25","date_gmt":"2023-03-21T14:58:25","guid":{"rendered":"https:\/\/www.nachtsicht-jagd.de\/ratgeber\/?page_id=253"},"modified":"2023-04-11T11:58:55","modified_gmt":"2023-04-11T09:58:55","slug":"faq","status":"publish","type":"page","link":"https:\/\/www.nachtsicht-jagd.de\/ratgeber\/ratgeber\/seissiger-wildkamera-hilfe\/faq\/","title":{"rendered":"FAQ zu Seissiger Wildkameras"},"content":{"rendered":"\n<style type=\"text\/css\" data-created_by=\"avia_inline_auto\" id=\"style-css-av-lfqrzs36-ac1e18f2b8870b293dc7b67f16006d87\">\n#top .av-special-heading.av-lfqrzs36-ac1e18f2b8870b293dc7b67f16006d87{\npadding-bottom:10px;\n}\nbody .av-special-heading.av-lfqrzs36-ac1e18f2b8870b293dc7b67f16006d87 .av-special-heading-tag .heading-char{\nfont-size:25px;\n}\n.av-special-heading.av-lfqrzs36-ac1e18f2b8870b293dc7b67f16006d87 .av-subheading{\nfont-size:15px;\n}\n<\/style>\n<div  class='av-special-heading av-lfqrzs36-ac1e18f2b8870b293dc7b67f16006d87 av-special-heading-h2 blockquote modern-quote  avia-builder-el-0  el_before_av_textblock  avia-builder-el-first '><h2 class='av-special-heading-tag '  itemprop=\"headline\"  >H\u00e4ufig gestellte Fragen zu Seissiger Wildkameras<\/h2><div class=\"special-heading-border\"><div class=\"special-heading-inner-border\"><\/div><\/div><\/div>\n<section  class='av_textblock_section av-lfs87khw-509cadfd40d11ed79cff32afadc3f254 '   itemscope=\"itemscope\" itemtype=\"https:\/\/schema.org\/CreativeWork\" ><div class='avia_textblock'  itemprop=\"text\" ><h2><u>Aufnahmen mit Jagdkameraden \/ Freunden kostenlos teilen?<\/u><\/h2>\n<p>Du m\u00f6chtest Aufnahmen deiner Seissiger <em>Wildkamera<\/em> mit Anderen teilen?<br \/>\nEs gibt da 3 unterschiedliche einfache L\u00f6sung, die alle\u00a0<u>kostenlos<\/u> sind. Denn das Teilen von Aufnahmen bei der SUPERSIM <em>Wildkameras<\/em> sind immer kostenfrei.<\/p>\n<p>Es entstehen lediglich einmalig Kosten f\u00fcr das Senden einer Aufnahme von der <em>Seissiger Wildkamera <\/em>zum SUPERSIM-Server was aber unabh\u00e4ngig von Teilen ist. Sobald die Aufnahme auf dem \u00a0SUPERSIM-Server angekommen ist, kannst Du diese kostenlos \u00fcber die folgenden 3 M\u00f6glichkeiten teilen.<\/p>\n<p><strong>1) <\/strong>SUPERSIM-Konto teilen<br \/>\nMit dem du die Aufnahmen teilen willst erh\u00e4lt von dir die Zugangsdaten (SUPERSIM-App oder dem -Portal) und kann sich dann einloggen. Er oder sie kann somit alle Aufnahmen dieses Kontos sehen und auch l\u00f6schen. Jeder eingeloggte hat Administrator-Rechte, kann auch Aufnahmen l\u00f6schen.<\/p>\n<h4>2) Aufnahmen ausgew\u00e4hlter <em>Seissiger<\/em> <em>Wildkamera<\/em> teilen, mit einem Album<br \/>\ndu m\u00f6chtest nur die Aufnahmen ausgew\u00e4hlter <em>Wildkameras<\/em> mit anderen Nutzern teilen? Dann nutze die Album-Funktion:<\/h4>\n<ul>\n<li>Erstelle ein Album: Dazu gehst du zum Men\u00fcpunkt \u201eAlben\u201c und klickst dort auf das + Symbol. Hier vergibst du einen Namen f\u00fcr das Album.<\/li>\n<li>Im Anschluss legst Du fest, mit wem der anderen SUPERSIM-Nutzer du den k\u00fcnftigen Inhalt dieses Albums teilen m\u00f6chtest. Hierzu tr\u00e4gst du dessen E-Mail-Adresse ein, mit der er\/sie beim SUPERSIM-Server registriert ist.<\/li>\n<li>Nun hast du erfolgreich ein Album erstellt, als n\u00e4chstes legst fest, mit welcher <em>Seissiger<\/em> <em>Wildkamera<\/em> k\u00fcnftig deine Aufnahmen \u00fcber das eben erstellte Album geteilt sollen. Dazu wechselst du in den Men\u00fcpunkt \u201eKameras\u201c und dort w\u00e4hlst du die entsprechende Kamera aus.<\/li>\n<li>Auf der Detail-Seite dieser <em>Seissiger<\/em> <em>Wildkamera<\/em> findest du einen Unterpunkt mit Namen \u201eAlbum\u201c.<br \/>\n\u00d6ffne diesen und w\u00e4hlen dort das in Schritt 1 erstelle Album aus und schon bist du fertig.<\/li>\n<\/ul>\n<p>In ein Album k\u00f6nnen eine oder auch mehrere <em>Seissiger<\/em> <em>Wildkameras<\/em> zugewiesen werden.<br \/>\nDie hinterlegten Empf\u00e4nger k\u00f6nneno k\u00fcnftig automatisch alle Aufnahmen dieser gew\u00e4hlten <em>Wildkamera<\/em> (s) in seinem SUPERSIM-Konto (App oder Portal) und das zus\u00e4tzlich zu deren eigenen Aufnahmen angezeigt bekommen. Diese geteilten Aufnahmen k\u00f6nnen vom den Empf\u00e4ngern nicht gel\u00f6scht, sondern nur betrachtet werden.<\/p>\n<p><strong>Bitte beachte\u00a0<\/strong>Jeder <em>Seissiger<\/em> <em>Wildkamera<\/em> kann nur einem Album zugewiesen werden. Aber k\u00f6nnen beliebig viele Alben angelegt werden.<\/p>\n<h4><u>3. <\/u>Die automatische E-Mail-Weiterleitung<\/h4>\n<p>Das ist eine eher altmodische und umst\u00e4ndliche Methode und wir raten davon ab. Aber es geht wie folgt beschrieben. Sollte sich l\u00e4nger Wild im Bereich der <em>Seissiger<\/em> <em>Wildkamera <\/em>kommt st\u00e4ndig ein Nachricht, evtl. falls eingerichtet auf das Mobiltelefon. Das kann unter Umst\u00e4nden auch nervig sein.<\/p>\n<p>Auf den Detail-Seiten der <em>Wildkameras<\/em> k\u00f6nnen Sie &#8222;Zielmails&#8220; hinterlegen. Das hei\u00dft, dass jede eingehende Aufnahme an die hinterlegte(n) E-Mail-Adressen weitergeleitet wird.<br \/>\nM\u00f6chtest du diese automatische E-Mail-Weiterleitung nicht benutzen, lasse dann das Feld einfach leer und trage keine E-Mail-Empf\u00e4nger ein.<\/p>\n<h4><strong><u>Wie findet meine SEISSIGER-Wildkamera das beste Netz? &#8211; Der Fullscan.<\/u><\/strong><\/h4>\n<p>Die SUPERSIM-<em>Wildkameras<\/em> k\u00f6nnen in jedem europ\u00e4ischen Mobilfunknetzt arbeiten. Doch das musst du an einstellen, sodass die <em>Wildkamera<\/em> auch tats\u00e4chlich \u00fcber das beste Netz versendet? Das geht einfach mit dem &#8222;Fullscan&#8220;.<\/p>\n<p>Der \u201eFullscan\u201c testet alle verf\u00fcgbaren Netze die am Standort deiner <em>Seissiger Wildkamera <\/em>zur Verf\u00fcgung stehen und speichert diese ab, das gew\u00e4hrleistet das sich die <em>Wildkamera<\/em> immer ins \u201ebeste Netz\u201c einw\u00e4hlt.<\/p>\n<p>Das hat den gro\u00dfen Vorteil das ein schneller und stabiler Bildversand realisiert wird. Was auch eine Einsparung von Batteriekapazit\u00e4t zur Folge hat.<\/p>\n<p>Du findest dann den \u201eFullscan\u201c unter MENU &gt; NETZWERKEINSTELLUNGEN &gt; FULLSCAN<\/p>\n<p>Du l\u00f6st den Fullscan mit der OK-Taste aus. Wenn Du anschlie\u00dfend mit zweimaligem Dr\u00fccken der &#8222;Menu&#8220; Taste wieder zur\u00fcck in den <em>Wildkamera<\/em> &#8211; Bildschirm gehen, kannst Du den Fortschritt am unteren Rand des Bildschirmes verfolgen.<\/p>\n<p>Der Fullscan dauert ca. 2 Minuten und wird mit der Anzeige \u201eFullscan completed\u201c abgeschlossen. Die <em>Seissiger Wildkamera<\/em> kann dann in die ON-Stellung gebracht werden. Das muss du nur bei Installation der <em>Seissiger <\/em><em>Wildkamera<\/em> am Standort, bei einem Standortwechsel oder auch nach einen Batteriewechsel tun.<\/p>\n<p>Du kannst den Sendevorgang mit einem manuellen Bildversand pr\u00fcfen, l\u00f6se hierf\u00fcr im\u00a0<u>Bildschirmmodus<\/u>\u00a0eine Aufnahme mit der OK-Taste aus. Zum Senden der Aufnahme dr\u00fcckst du \u00a0erneut die OK-Taste. Auch hierbei kannst du den Vorgang anhand der Anzeige im unteren Bildschirmrand verfolgen.<\/p>\n<p>Wenn du zus\u00e4tzlich die Gr\u00f6\u00dfe des Versandbildes in den Netzwerkeinstellungen auf VGA 640&#215;480 stellst, ist die Datenmenge auf unter 100 kB reduziert. Das reduziert nat\u00fcrlich den Preis des Versands der Aufnahmen und der Versand der Aufnahmen ist deutlich schneller. Dieser Schritt ist bei einer stabilen Netzanbindung nicht unbedingt erforderlich.<\/p>\n<p>Hier ein Video zur einrichten des Fullscans einbinden:<\/p>\n<h4><u>Kann ich mehrere Wildkameras mit einem Konto verwalten?<\/u><\/h4>\n<p>Du kannst beliebig viele <em>Wildkameras<\/em> in deinem SUPERSIM-Konto verwalten &#8211; es gibt hier kein Limit.<\/p>\n<p>Alle <em>Seissiger <\/em><em>Wildkameras<\/em> greifen auf das Guthaben deines Accounts zu und du muss\u00a0<u>nicht<\/u>\u00a0f\u00fcr jede Kamera separat Guthaben aufladen.<\/p>\n<p>Um eine <em>Seissiger <\/em><em>Wildkameras<\/em> hinzuzuf\u00fcgen, gehe bitte in der App oder im SUPERSIM-Portal auf den Men\u00fcpunkt &#8222;Kameras&#8220; und klicken auf das + Symbol und folge dann den Anweisungen.<\/p>\n<h4><u>Push-Benachrichtigungen in der SUPERSIM-App<\/u><\/h4>\n<p>Du kannst auch in der SUPERSIM-App sowohl Push-Benachrichtigungen f\u00fcr eingehende Aufnahmen deiner <em>Seissiger <\/em><em>Wildkameras<\/em> erhalten, als auch f\u00fcr Aufnahmen, welche \u00fcber ein Album mit dir geteilt wird.<\/p>\n<h4>So kannst Du Push-Benachrichtigungen an- bzw. ausschalten<\/h4>\n<p>Generell m\u00fcssen die Benachrichtigungen in der App angeschaltet sein.<br \/>\nGehe dazu in der App auf den Men\u00fcpunkt &#8222;Mehr&#8220;\u00b4den findest du unten rechts und w\u00e4hlen anschlie\u00dfend den Punkt &#8222;Einstellungen&#8220;.<\/p>\n<p>Darin siehst du die M\u00f6glichkeit Benachrichtigungen, diese sind mittels des Schiebereglers zu aktivieren in gr\u00fcn bzw. zu deaktivieren in rot. Um Push-Benachrichtigungen zu erhalten, muss der Schieberegler auf nat\u00fcrlich gr\u00fcn stehen.<\/p>\n<p>Nun erh\u00e4ltst du Push-Benachrichtigungen f\u00fcr\u00a0alle\u00a0deiner eigenen Aufnahmen.<\/p>\n<h4>Push-Benachrichtigungen f\u00fcr Alben<\/h4>\n<p>Sollte ein anderer SUPERSIM-Nutzer ein Album erstellt haben und dich dort als Empf\u00e4nger eingetragen haben, so kannst du die Aufnahmen desjenigen auf deiner Aufnahmen-Seite in der App auch sehen.<\/p>\n<p>Du hast nun die Wahl, ob du f\u00fcr diese geteilten Aufnahmen auch Benachrichtigungen erhalten m\u00f6chtest oder nicht. Dazu \u00f6ffnest du in der App die Seite &#8222;Alben&#8220;. Dort siehst du alle Alben aufgelistet. Im oberen Teil zuerst Ihre eigenen Alben und weiter unten sind die geteilten Alben.<\/p>\n<p>Das Glocken-Symbol am rechten Display-Rand zeigt an, ob du f\u00fcr ein Album Benachrichtigungen erhalten m\u00f6chtest oder nicht. Ist die Glocke durchgestrichen, erh\u00e4lt du f\u00fcr Aufnahmen aus diesem Album keine Benachrichtigungen.<\/p>\n<h4><u>Sendefunktion an-\/ausschalten<\/u><\/h4>\n<p>Du kannst jederzeit die Sendefunktion deiner <em>Seissiger <\/em><em>Wildkameras<\/em> an- bzw. ausschalten.<\/p>\n<p>Gehe dazu auf die Seite &#8222;Kameras&#8220;. Du siehst dort eine Auflistung aller deiner <em>Seissiger <\/em><em>Wildkameras<\/em>. Nach jedem <em>Seissiger <\/em><em>Wildkameras<\/em>-Name ist ein Schieberegler zu sehen. Steht dieser auf gr\u00fcn, so ist die Kamera sendebereit. Steht der Schieberegler auf rot, ist die Sendefunktion deaktiviert. (Hierdurch wird der SIM-Karte aus dem Internet genommen, wodurch die <em>Wildkameras<\/em> nicht mehr senden kann.)<\/p>\n<p>Die <em>Seissiger <\/em><em>Wildkameras<\/em> ist trotzdem nach wie vor aktiv und speichert Aufnahmen auf der SD-Karte ab.<\/p>\n<p>Sobald der Schieberegler wieder auf gr\u00fcn steht, werden k\u00fcnftige Aufnahmen auch wieder gesendet.<\/p>\n<h4><u>Meine Kamera sendet keine Aufnahmen mehr, was tun?<\/u><\/h4>\n<p><a href=\"https:\/\/www.nachtsicht-jagd.de\/ratgeber\/ratgeber\/seissiger-wildkamera-hilfe\/\"><em>Seissiger <\/em> Wildkamera Hilfe<\/a><\/p>\n<h4><u>Wie kannst du dein Guthaben aufladen?<\/u><\/h4>\n<p>Das Guthaben in deinem SUPERSIM-Konto kann generell von allen <em>Seissiger <\/em><em>Wildkameras<\/em> genutzt werden.<\/p>\n<p>Du m\u00f6chtest Guthaben aufladen, dann logge dich bitte unter\u00a0<a href=\"http:\/\/my.supersim.camera\/\">my.supersim.camera<\/a>\u00a0in deinem\u00a0 Benutzerkonto ein. Dort findest du den Men\u00fcpunkt &#8222;Aufladen&#8220;.<\/p>\n<p>Auf dieser Seite findest du verschiedene Guthaben-Pakete. W\u00e4hle das gew\u00fcnschte Paket aus und folge bitte den weiteren Anweisungen auf der Seite.<\/p>\n<h4><u>Fernsteuerung einer SEISSIGER Funkwildkamera per SUPERSIM-App oder -Portal<\/u><\/h4>\n<p>Wenn du deine <em>Seissiger <\/em><em>Wildkameras<\/em> per Fernsteuerung \u00fcber die SUPERSIM-App oder das SUPERSIM-Portal bedienen m\u00f6chtest, kannst du dies folgenderma\u00dfen tun:<\/p>\n<p><strong>1) Aktiviere die Fernsteuerung an Ihrer Kamera<\/strong><br \/>\nW\u00e4hle bitte im Men\u00fc im vierten Men\u00fcpunkt, ganz rechts den Punkt &#8222;Fernsteuerung&#8220; aus. Sobald der Punkt gr\u00fcn hinterlegt ist, dr\u00fcckst du einmal mit der Pfeiltaste nach rechts, hat sich die Fernsteuerung auf &#8222;an&#8220; ge\u00e4ndert. Bitte beachte unbedingt, dass eine aktivierte Fernsteuerung zu einem deutlich erh\u00f6hten Stromverbrauch der <em>Seissiger <\/em><em>Wildkamera <\/em>f\u00fchrt.<\/p>\n<p><strong>2) Pr\u00fcfung der Freigabe, wer Befehle an die Wildkamera senden darf<br \/>\n<\/strong>Im Men\u00fc findest du ebenfalls in der vierten Rubrik den Punkt &#8222;Telefon&#8220;. Darin muss die Nummer des SUPERSIM-Systems hinterlegt sein. Die <em>Wildkamera <\/em>befolgt nur dann den Befehl der Fernsteuerung, wenn der Absender hier gelistet ist. Au\u00dfer bei einer Special-Cam LTE &#8211; SUPERSIM-Edition. Hier ist diese Einstellung bereits fest im System vorgenommen und du musst nichts weiter tun.<br \/>\nStelle bitte sicher, dass dort die folgende Nummer eingetragen ist:\u00a0<strong>9998765<\/strong><\/p>\n<p>Nun hast du die beiden notwendigen Schritte an der Kamera vorgenommen und du kannst in der SUPERSIM-App der Kamera Befehle senden.<\/p>\n<p><strong>3) Wie sende ich Befehle \u00fcber die SUPERSIM-App?<\/strong><br \/>\n\u00d6ffne hierzu in der App die Rubrik &#8222;Kameras&#8220;. Darin siehst Du aufgelistet alle deine <em>Seissiger <\/em><em>Wildkameras<\/em>. W\u00e4hle die gew\u00fcnschte <em>Seissiger <\/em><em>Wildkamera <\/em>aus und scrolle nach unten auf den Punkt &#8222;Steuerung&#8220;. Dort kannst Du w\u00e4hlen, welchen Befehl du an die <em>Seissiger <\/em><em>Wildkamera <\/em>senden m\u00f6chtest.<\/p>\n<p><strong>Wie sende ich Befehle \u00fcber SUPERSIM-Portal senden<\/strong><br \/>\n\u00d6ffne im SUPERSIM-Portal die Rubrik &#8222;Kameras&#8220; und w\u00e4hle darin die gew\u00fcnschte Wildkamera. Unter dem Punkt &#8222;Steuerung&#8220; siehst du die verf\u00fcgbaren Befehle.<\/p>\n<p><u>Bitte beachte:<\/u> Bitte weise deiner <em>Seissiger <\/em>Wildkamera das richtige Kameramodel zu, da nur dann auch der entsprechende Befehlssatz hinterlegt ist. Diesen kannst du im SUPERSIM-Portal oder der SUPERSIM-App in der Rubrik &#8222;Kameras&#8220; unter dem Punkt &#8222;Basisdaten&#8220; einstellen.<\/p>\n<p>Bei jedem Senden eines Befehls werden von deinem SUPERSIM-Guthaben 9 Cent abgebucht. Der Befehl wird vom SUPERSIM-System an den Netzprovider \u00fcbergeben. Die Abbuchung erfolgt erst, wenn die Best\u00e4tigung eingegangen ist, dass der Befehl vom Netzbetreiber entgegengenommen wurde.\u00a0Allerdings, ob der Befehl dann vom Netzbetreiber an die zugestellt wird, liegt nicht im Einflussbereich von SUPERSIM.<\/p>\n<p><strong><u>Meine Kamera wurde gestohlen, was kann ich tun?<\/u><\/strong><\/p>\n<p><em>Seissiger <\/em>kann deine gestohlene <em>Wildkamera <\/em>im SUPERSIM-System als gestohlen markieren. Das bedeutet, dass die <em>Seissiger <\/em><em>Wildkamera <\/em>mit der aktuellen SIM-Karte nicht weiter arbeiten kann.<\/p>\n<p>Da die <em>Seissiger <\/em><em>Wildkamera <\/em>uns mit jeder Aufnahme Ihre IMEI-Nummer, das ist einmalige Identifikations-Nummer zusenden, kann Seissiger genau diese IMEI im SUPERSIM-System sperren. Somit ist gew\u00e4hrleistet, dass niemand eine als gestohlen gemeldete <em>Seissiger <\/em><em>Wildkamera <\/em>weiterhin nutzen kann &#8211; auch nicht mit einer anderen SIM-Karte.<\/p>\n<p>Sobald die als gestohlen gemeldete <em>Seissiger <\/em><em>Wildkamera <\/em>uns eine Aufnahme schickt, w\u00fcrde die gemeldete IMEI vom SUPERSIM-System erkannt und die <em>Wildkamera <\/em>unverz\u00fcglich erneut gesperrt.<\/p>\n<p>Aktuell haben die <em>Seissiger <\/em>&#8211;<em> Wildkamera <\/em>noch kein GPS-Modul, weshalb wir diese nicht lokalisieren k\u00f6nnen.<\/p>\n<p><strong><u>Wie kann das Laden der Aufnahmen in meiner App beschleunigen werden?<\/u><\/strong><\/p>\n<p>Grunds\u00e4tzlich sei vorab erw\u00e4hnt, dass Seissiger sehr viel daf\u00fcr tun, dass die App schnell und stabil l\u00e4uft.<\/p>\n<p>Dennoch gibt es auch Dinge, du selbst unternehmen kannst, um besonders die Ladezeit deiner Aufnahmen zu beschleunigen:<\/p>\n<ul>\n<li><strong>Vorhaltezeit der Aufnahmen verk\u00fcrzen<br \/>\n<\/strong>Je weniger Aufnahmen im SUPERSIM-Konto, desto schnellere sind die Ladezeiten!<br \/>\nPr\u00fcfe bitte, was in deinem SUPERSIM-Konto eingestellt ist, also wie lange Aufnahmen in deinem Konto gespeichert werden sollen.<br \/>\nSeissiger empfiehlt hier 3 Monate einzustellen.<br \/>\nzum \u00e4ndern \u00f6ffne in der App die &#8222;Einstellungen&#8220; und dort siehst du den Punkt &#8222;Vorhaltezeit der Aufnahmen&#8220;. Dort kannst du festlegen, wie lange deine Aufnahmen auf dem SUPERSIM-Server gespeichert sein sollen und wann diese gel\u00f6scht werden sollen. Die gel\u00f6schten Aufnahmen werden in den Papierkorb geschoben, aus welchem sie nach 4 Wochen gel\u00f6scht werden, endg\u00fcltig. M\u00f6chtet du Aufnahmen behalten, dann markiere als Favorit mit dem Stern-Symbol, und sie bleiben dir erhalten.<\/li>\n<li><strong>K\u00f6nnen HD-Aufnahmen deaktiviert werden?<\/strong><br \/>\nSolltest Du aktuell eine langsamere Internetverbindung haben, so verlangsamt dasnat\u00fcrlich auch die Ladezeiten von Aufnahmen. Du hast die M\u00f6glichkeit in den &#8222;Einstellungen&#8220; der App, die sog. die HD-Aufnahmen zu deaktivieren. Durch das Deaktivieren der HD-Aufnahmen wird die Aufnahmequalit\u00e4t reduziert, damit diese auf deinem Ger\u00e4t auch bei langsamer Internetverbindung geladen werden k\u00f6nnen.<\/li>\n<\/ul>\n<p><strong><u>Meine SEISSIGER-Wildkamera ist vermutlich defekt &#8211; kann ich diese zur Reparatur einschicken?<\/u><\/strong><\/p>\n<div id=\"toggle-id-11\" class=\"toggle_wrap active_tc\">\n<div class=\"toggle_content invers-color \">\n<p>Deine <em>Seissiger <\/em><em>Wildkamera<\/em> funktioniert nicht wie gew\u00fcnscht?<\/p>\n<p>Als erstes f\u00fchre bitte die Schritte unseres Schnell-Checks durch.<\/p>\n<p><u>Bitte lese hierzu den Punkt:<\/u>\u00a0<a href=\"https:\/\/www.nachtsicht-jagd.de\/ratgeber\/ratgeber\/wildkameras-hilfe\/\"><strong>Hier der Schnell \u2013 Check deine Wildkamera<\/strong><\/a><\/p>\n<p>Sollte dies keine L\u00f6sung bringen, kannst Du uns oder direkt an <em>Seissiger <\/em>deine SEISSIGER-<em>Wildkamera<\/em> zur<\/p>\n<\/div>\n<\/div>\n<\/div><\/section>\n","protected":false},"excerpt":{"rendered":"","protected":false},"author":1,"featured_media":0,"parent":251,"menu_order":0,"comment_status":"closed","ping_status":"closed","template":"","meta":{"footnotes":""},"class_list":["post-253","page","type-page","status-publish","hentry"],"yoast_head":"<!-- This site is optimized with the Yoast SEO plugin v27.1.1 - https:\/\/yoast.com\/product\/yoast-seo-wordpress\/ -->\n<title>FAQ zu Seissiger Wildkameras - Nachtsicht-Jagd<\/title>\n<meta name=\"robots\" content=\"index, follow, max-snippet:-1, max-image-preview:large, max-video-preview:-1\" \/>\n<link rel=\"canonical\" href=\"https:\/\/www.nachtsicht-jagd.de\/ratgeber\/ratgeber\/seissiger-wildkamera-hilfe\/faq\/\" \/>\n<meta property=\"og:locale\" content=\"de_DE\" \/>\n<meta property=\"og:type\" content=\"article\" \/>\n<meta property=\"og:title\" content=\"FAQ zu Seissiger Wildkameras - Nachtsicht-Jagd\" \/>\n<meta property=\"og:url\" content=\"https:\/\/www.nachtsicht-jagd.de\/ratgeber\/ratgeber\/seissiger-wildkamera-hilfe\/faq\/\" \/>\n<meta property=\"og:site_name\" content=\"Nachtsicht-Jagd\" \/>\n<meta property=\"article:modified_time\" content=\"2023-04-11T09:58:55+00:00\" \/>\n<meta name=\"twitter:card\" content=\"summary_large_image\" \/>\n<meta name=\"twitter:label1\" content=\"Gesch\u00e4tzte Lesezeit\" \/>\n\t<meta name=\"twitter:data1\" content=\"11\u00a0Minuten\" \/>\n<script type=\"application\/ld+json\" class=\"yoast-schema-graph\">{\"@context\":\"https:\/\/schema.org\",\"@graph\":[{\"@type\":\"WebPage\",\"@id\":\"https:\/\/www.nachtsicht-jagd.de\/ratgeber\/ratgeber\/seissiger-wildkamera-hilfe\/faq\/\",\"url\":\"https:\/\/www.nachtsicht-jagd.de\/ratgeber\/ratgeber\/seissiger-wildkamera-hilfe\/faq\/\",\"name\":\"FAQ zu Seissiger Wildkameras - Nachtsicht-Jagd\",\"isPartOf\":{\"@id\":\"https:\/\/www.nachtsicht-jagd.de\/ratgeber\/#website\"},\"datePublished\":\"2023-03-21T14:58:25+00:00\",\"dateModified\":\"2023-04-11T09:58:55+00:00\",\"breadcrumb\":{\"@id\":\"https:\/\/www.nachtsicht-jagd.de\/ratgeber\/ratgeber\/seissiger-wildkamera-hilfe\/faq\/#breadcrumb\"},\"inLanguage\":\"de\",\"potentialAction\":[{\"@type\":\"ReadAction\",\"target\":[\"https:\/\/www.nachtsicht-jagd.de\/ratgeber\/ratgeber\/seissiger-wildkamera-hilfe\/faq\/\"]}]},{\"@type\":\"BreadcrumbList\",\"@id\":\"https:\/\/www.nachtsicht-jagd.de\/ratgeber\/ratgeber\/seissiger-wildkamera-hilfe\/faq\/#breadcrumb\",\"itemListElement\":[{\"@type\":\"ListItem\",\"position\":1,\"name\":\"Startseite\",\"item\":\"https:\/\/www.nachtsicht-jagd.de\/ratgeber\/\"},{\"@type\":\"ListItem\",\"position\":2,\"name\":\"Ratgeber\",\"item\":\"https:\/\/www.nachtsicht-jagd.de\/ratgeber\/ratgeber\/\"},{\"@type\":\"ListItem\",\"position\":3,\"name\":\"Seissiger Wildkamera-Hilfe\",\"item\":\"https:\/\/www.nachtsicht-jagd.de\/ratgeber\/ratgeber\/seissiger-wildkamera-hilfe\/\"},{\"@type\":\"ListItem\",\"position\":4,\"name\":\"FAQ zu Seissiger Wildkameras\"}]},{\"@type\":\"WebSite\",\"@id\":\"https:\/\/www.nachtsicht-jagd.de\/ratgeber\/#website\",\"url\":\"https:\/\/www.nachtsicht-jagd.de\/ratgeber\/\",\"name\":\"Nachtsicht-Jagd\",\"description\":\"Offizieller DIYCON Vertriebspartner\",\"potentialAction\":[{\"@type\":\"SearchAction\",\"target\":{\"@type\":\"EntryPoint\",\"urlTemplate\":\"https:\/\/www.nachtsicht-jagd.de\/ratgeber\/?s={search_term_string}\"},\"query-input\":{\"@type\":\"PropertyValueSpecification\",\"valueRequired\":true,\"valueName\":\"search_term_string\"}}],\"inLanguage\":\"de\"}]}<\/script>\n<!-- \/ Yoast SEO plugin. -->","yoast_head_json":{"title":"FAQ zu Seissiger Wildkameras - Nachtsicht-Jagd","robots":{"index":"index","follow":"follow","max-snippet":"max-snippet:-1","max-image-preview":"max-image-preview:large","max-video-preview":"max-video-preview:-1"},"canonical":"https:\/\/www.nachtsicht-jagd.de\/ratgeber\/ratgeber\/seissiger-wildkamera-hilfe\/faq\/","og_locale":"de_DE","og_type":"article","og_title":"FAQ zu Seissiger Wildkameras - Nachtsicht-Jagd","og_url":"https:\/\/www.nachtsicht-jagd.de\/ratgeber\/ratgeber\/seissiger-wildkamera-hilfe\/faq\/","og_site_name":"Nachtsicht-Jagd","article_modified_time":"2023-04-11T09:58:55+00:00","twitter_card":"summary_large_image","twitter_misc":{"Gesch\u00e4tzte Lesezeit":"11\u00a0Minuten"},"schema":{"@context":"https:\/\/schema.org","@graph":[{"@type":"WebPage","@id":"https:\/\/www.nachtsicht-jagd.de\/ratgeber\/ratgeber\/seissiger-wildkamera-hilfe\/faq\/","url":"https:\/\/www.nachtsicht-jagd.de\/ratgeber\/ratgeber\/seissiger-wildkamera-hilfe\/faq\/","name":"FAQ zu Seissiger Wildkameras - Nachtsicht-Jagd","isPartOf":{"@id":"https:\/\/www.nachtsicht-jagd.de\/ratgeber\/#website"},"datePublished":"2023-03-21T14:58:25+00:00","dateModified":"2023-04-11T09:58:55+00:00","breadcrumb":{"@id":"https:\/\/www.nachtsicht-jagd.de\/ratgeber\/ratgeber\/seissiger-wildkamera-hilfe\/faq\/#breadcrumb"},"inLanguage":"de","potentialAction":[{"@type":"ReadAction","target":["https:\/\/www.nachtsicht-jagd.de\/ratgeber\/ratgeber\/seissiger-wildkamera-hilfe\/faq\/"]}]},{"@type":"BreadcrumbList","@id":"https:\/\/www.nachtsicht-jagd.de\/ratgeber\/ratgeber\/seissiger-wildkamera-hilfe\/faq\/#breadcrumb","itemListElement":[{"@type":"ListItem","position":1,"name":"Startseite","item":"https:\/\/www.nachtsicht-jagd.de\/ratgeber\/"},{"@type":"ListItem","position":2,"name":"Ratgeber","item":"https:\/\/www.nachtsicht-jagd.de\/ratgeber\/ratgeber\/"},{"@type":"ListItem","position":3,"name":"Seissiger Wildkamera-Hilfe","item":"https:\/\/www.nachtsicht-jagd.de\/ratgeber\/ratgeber\/seissiger-wildkamera-hilfe\/"},{"@type":"ListItem","position":4,"name":"FAQ zu Seissiger Wildkameras"}]},{"@type":"WebSite","@id":"https:\/\/www.nachtsicht-jagd.de\/ratgeber\/#website","url":"https:\/\/www.nachtsicht-jagd.de\/ratgeber\/","name":"Nachtsicht-Jagd","description":"Offizieller DIYCON Vertriebspartner","potentialAction":[{"@type":"SearchAction","target":{"@type":"EntryPoint","urlTemplate":"https:\/\/www.nachtsicht-jagd.de\/ratgeber\/?s={search_term_string}"},"query-input":{"@type":"PropertyValueSpecification","valueRequired":true,"valueName":"search_term_string"}}],"inLanguage":"de"}]}},"_links":{"self":[{"href":"https:\/\/www.nachtsicht-jagd.de\/ratgeber\/wp-json\/wp\/v2\/pages\/253","targetHints":{"allow":["GET"]}}],"collection":[{"href":"https:\/\/www.nachtsicht-jagd.de\/ratgeber\/wp-json\/wp\/v2\/pages"}],"about":[{"href":"https:\/\/www.nachtsicht-jagd.de\/ratgeber\/wp-json\/wp\/v2\/types\/page"}],"author":[{"embeddable":true,"href":"https:\/\/www.nachtsicht-jagd.de\/ratgeber\/wp-json\/wp\/v2\/users\/1"}],"replies":[{"embeddable":true,"href":"https:\/\/www.nachtsicht-jagd.de\/ratgeber\/wp-json\/wp\/v2\/comments?post=253"}],"version-history":[{"count":24,"href":"https:\/\/www.nachtsicht-jagd.de\/ratgeber\/wp-json\/wp\/v2\/pages\/253\/revisions"}],"predecessor-version":[{"id":405,"href":"https:\/\/www.nachtsicht-jagd.de\/ratgeber\/wp-json\/wp\/v2\/pages\/253\/revisions\/405"}],"up":[{"embeddable":true,"href":"https:\/\/www.nachtsicht-jagd.de\/ratgeber\/wp-json\/wp\/v2\/pages\/251"}],"wp:attachment":[{"href":"https:\/\/www.nachtsicht-jagd.de\/ratgeber\/wp-json\/wp\/v2\/media?parent=253"}],"curies":[{"name":"wp","href":"https:\/\/api.w.org\/{rel}","templated":true}]}}