{"id":366,"date":"2023-04-03T13:58:21","date_gmt":"2023-04-03T11:58:21","guid":{"rendered":"https:\/\/www.nachtsicht-jagd.de\/ratgeber\/?page_id=366"},"modified":"2023-04-03T13:58:21","modified_gmt":"2023-04-03T11:58:21","slug":"warum-seissiger","status":"publish","type":"page","link":"https:\/\/www.nachtsicht-jagd.de\/ratgeber\/ratgeber\/seissiger-wildkamera-hilfe\/warum-seissiger\/","title":{"rendered":"Warum Seissiger?"},"content":{"rendered":"\n<style type=\"text\/css\" data-created_by=\"avia_inline_auto\" id=\"style-css-av-lfqrzs36-1778f131554274f691346f2b2665cd3b\">\n#top .av-special-heading.av-lfqrzs36-1778f131554274f691346f2b2665cd3b{\npadding-bottom:10px;\n}\nbody .av-special-heading.av-lfqrzs36-1778f131554274f691346f2b2665cd3b .av-special-heading-tag .heading-char{\nfont-size:25px;\n}\n.av-special-heading.av-lfqrzs36-1778f131554274f691346f2b2665cd3b .av-subheading{\nfont-size:15px;\n}\n<\/style>\n<div  class='av-special-heading av-lfqrzs36-1778f131554274f691346f2b2665cd3b av-special-heading-h2 blockquote modern-quote  avia-builder-el-0  el_before_av_textblock  avia-builder-el-first '><h2 class='av-special-heading-tag '  itemprop=\"headline\"  >Warum Seissiger?<\/h2><div class=\"special-heading-border\"><div class=\"special-heading-inner-border\"><\/div><\/div><\/div>\n<section  class='av_textblock_section av-lfs8ev42-f8e6f17e9ff0aab884b3b6fe466259b6 '   itemscope=\"itemscope\" itemtype=\"https:\/\/schema.org\/CreativeWork\" ><div class='avia_textblock'  itemprop=\"text\" ><p><em><u>Seissiger<\/u><\/em><u> gibt das Zuverl\u00e4ssigkeitsversprechen, h\u00f6chste Qualit\u00e4t bei absoluter Zuverl\u00e4ssigkeit!<\/u><\/p>\n<p><em>Seissiger<\/em> gilt als der Pionier auf dem <em>Wildkamera<\/em>-Markt in Europa. Mittlerweile hat <em>Seissiger<\/em> \u00fcber in Jahrzehnt Erfahrung im Bereich der <em>Wildkameras<\/em>. In dieser Zeit sind nat\u00fcrlich auch alle m\u00f6glichen Fehler passiert und daher wei\u00df Seissiger heute genau worauf es zuverl\u00e4ssigen und sendef\u00e4higen <em>Wildkameras<\/em> ankommt. Das Ziel von <em>Seissiger<\/em> ist, immer die bestm\u00f6gliche <em>Wildkamera<\/em> anzubieten, welche durch Zuverl\u00e4ssigkeit und hohe Qualit\u00e4t besticht. Mit der <em>Seissiger<\/em> Special-Cam LTE wurde eine wurde eine <em>Wildkamera<\/em> mit \u00fcberdurchschnittlicher Zuverl\u00e4ssigkeit entwickelt. Das wurde auch in unabh\u00e4ngigen Tests best\u00e4tigt wurde.<\/p>\n<p>Das kannst Du auch hier nachlesen: <a href=\"https:\/\/www.seissiger-wildkamera.eu\/media\/pdf\/46\/39\/84\/Jaegermagazin-Wildkamera-VergleichIGwCFVl23Q0gy.pdf\">Kamera-Vergleich des J\u00c4GER-Magazins<\/a><\/p>\n<p><u>Made in Germany und deutscher Service:<\/u><\/p>\n<p>Es ist immer m\u00f6glich, wenn Hilfe ben\u00f6tigt wird, sich mit der Service Abteilung von <em>Seissiger<\/em> in Verbindung zu setzen. Dort ist kein Call Center mit einer Bandansage, nein, das kann man mit den Experten von <em>Seissiger<\/em> in Deutsch und Englisch kommunizieren und sich helfen lassen. <em>Seissiger<\/em> nimmt es auch nicht so genau mit der gesetzlichen Gew\u00e4hrleistung, sollt diese schon verstrichen sein, wird dir trotzdem geholfen und ggf. sogar die <em>Wildkamera<\/em> repariert oder ersetzt. Das ist richtig guter Kundenservice.<\/p>\n<p><u>Die Sicherheit deiner Daten und Aufnahmen ist gew\u00e4hrleistet:<\/u><\/p>\n<p>Auch beim Thema SUPERSIM gibt es bei <em>Seissiger<\/em> <em>Wildkameras<\/em> keine Kompromisse, hier wird Zuverl\u00e4ssigkeit gro\u00dfgeschrieben denn der Schutz deiner Daten und Aufnahmen wichtig. F\u00fcr die Kunden von <em>Seissiger<\/em> ist es ein riesen Vorteil, dass <em>Seissiger<\/em> nicht nur der <em>Wildkamera<\/em>-Hersteller ist, sondern auch der Provider dieser sehr speziellen SIM-Karte die f\u00fcr <em>Wildkameras<\/em> eingesetzt werden. Deine Videos und Fotos sind nat\u00fcrlich f\u00fcr keine Dritten einsehbar. Als SIM-Karten-Anbieter hat <em>Seissiger<\/em> aber relevanten Einblick in alle mobilfunkrelevanten Bereiche der sendef\u00e4higen <em>Wildkameras<\/em>. Das ist auch der Grund das <em>Seissiger<\/em> eine intensive Hilfestellung geben kann, wenn es um Fragen zum Datenversand geht.<\/p>\n<p>Datensicherheit und Datenschutz sind bei Seissiger weit mehr eine Selbstverst\u00e4ndlichkeit und als eine gesetzliche Verpflichtung. Daher werden bei Seissiger mehrere hochgesicherte, nat\u00fcrlich eigene Server in Deutschland betrieben, die selbstverst\u00e4ndlich alle Anforderungen der Datenschutz-Grundverordnung erf\u00fcllen.<\/p>\n<p><u>Wildkameras<\/u><\/p>\n<p>Bei <em>Seissiger Wildkameras<\/em> geh\u00f6rt alles zum Lieferumfang was ben\u00f6tigt wird um diese sofort einsetzen zu k\u00f6nnen:<\/p>\n<ul>\n<li>Die Kamera selbst, mit unsichtbaren 940 nm Schwarzblitz mit 25 m Reichweite<\/li>\n<li>Baumgurt<\/li>\n<li>Baumstativ<\/li>\n<li>16 GB SDHC-Speicherkarte<\/li>\n<li>12 AA-Baterien<\/li>\n<li>Supersim Prepaid Multinetzkarte mit Startguthaben in H\u00f6he von 5 Euro<\/li>\n<\/ul>\n<p><u>Wildkamera Supersim Prepaid Karte<\/u><\/p>\n<p>Die Seissiger <strong><em>SUPERSIM<\/em><\/strong> Prepaid Multinetzkarte w\u00e4hlt sich europaweit in jedes Mobilfunknetz ein, bei immer gleichem Tarif, somit ist eine maximale Netzabdeckung garantiert.<\/p>\n<ul>\n<li>Die Abrechnung erfolgt immer nur 1mal pro Wildkamera und der \u00fcbertragenen Aufnahme oder Videos.<\/li>\n<li><strong>0,02\u20ac<\/strong> bis 100kB (z.B. Photo 0.3MP\/640&#215;480)<\/li>\n<li><strong>0,03\u20ac<\/strong> bis 300kB (z.B. Photo 1.2MP\/1280&#215;960)<\/li>\n<li><strong>0,06\u20ac<\/strong> bis 3MB (z.B. QVGA-Video 5 Sekunden)<\/li>\n<li><strong>0,09\u20ac<\/strong> bis 5MB (z.B. HD-Video 5 Sekunden)<br \/>\njedes weitere MB ab 5MB: 0,09\u20ac\/MB<br \/>\ndas sind wirklich sehr geringe Geb\u00fcrhen<\/li>\n<li>OHNE Grundgeb\u00fchr<\/li>\n<li>OHNE Vertragsbindung<\/li>\n<li>OHNE Abo<\/li>\n<li>Ohne Mindestumsatz oder Verfallsdatum<\/li>\n<li>Pooling, die B\u00fcndelung beliebig vieler Sim-Karten (<em>Wildkameras<\/em>) pro Account<\/li>\n<\/ul>\n<p><u>Was nimmst du mit der <em>Seissiger Wildkamera<\/em> auf:<\/u><\/p>\n<p>Die Seissiger <em>Wildkamera<\/em> ist die erste Wahl f\u00fcr Wildbeobachtungen und im Objektschutz zur Sicherheit.<\/p>\n<ul>\n<li>Fotos bis zu 12 MP bei Nacht und bei Tag.<\/li>\n<li>Videos in Full HD mit Ton<\/li>\n<li>Ausl\u00f6sung durch integrierten Bewegungsmelder, Timer sowie per <strong><em>SUPERSIM<\/em><\/strong> \u2013 App &amp; dem Internet Portal m\u00f6glich.<\/li>\n<li>\u00c4nderungen der Kameraeinstellungen sind jederzeit \u00fcber die <strong><em>SUPERSIM<\/em><\/strong> \u2013 App &amp; dem Internet Portal m\u00f6glich.<\/li>\n<li>Alles Abbildbar: Datum, Uhrzeit, Mondphase, Ausl\u00f6semodus, Temperatur und Batteriezustand. Das Ganze auch mit Bildstempel.<\/li>\n<\/ul>\n<p><u>Einfach mehr Sehen mit der Seissiger Wildkamera:<\/u><\/p>\n<p>Triff die erste Wahl f\u00fcr deine Sicherheit und f\u00fcr Wildbeobachtung<\/p>\n<p>Egal wo und was mit der <em>Seissiger<\/em> <em>Wildkamera<\/em> hast du alles im Blick was dir lieb und teuer ist, wie zum Beispiel:<\/p>\n<p>Jagdrevier, Ferienhaus, Stallungen, Kaj\u00fcte, Bootsliegeplatz, Fischweiher, Bienenst\u00f6cke, Fuhrpark, Betriebsgeb\u00e4ude, Baustellen, Garage usw. Die Liste lie\u00df sich endlos fortf\u00fchren.<\/p>\n<p>Die <em>Seissiger Wildkamera<\/em>&#8211; und Mobilfunktechnik, besteht seit \u00fcber einem Jahrzehnt harte Bedingungen in der Praxis bei Forschungsanstalten, Forstbetrieben und Berufsj\u00e4gern etc.<\/p>\n<p>Einfachste Installation und Handhabung bei kompromissloser Robustheit, daf\u00fcr steht <em>Seissiger<\/em>. Diese <em>Wildkameras<\/em> im Original von Seissiger liefern dir die brillantesten Photos und Videos bei Nacht und bei Tag, und auch wenn du das willst Videos in Full HD.<\/p>\n<p>Je nach Model gerne auch als Push \u2013 Nachrichten direkt auf dein Mobiltelefon, oder per E-Mail oder auch zum Download von der 16 GB SDHC Speicherkarte.<\/p>\n<p><u>Fangmeldesystem<\/u><\/p>\n<p>Die <em>Seissiger Wildkameras<\/em> sind auch ein gesetzeskonformes elektronisches Fangmeldesystem f\u00fcr eine Tierschutzgerechte Anwendung von Lebendfallen. Das haben die <em>Seissiger Wildkameras<\/em> schon zigmal bei Umsiedlungen von Waschb\u00e4ren, W\u00f6lfen, Bibern usw. bewiesen. Hier hat sich die <em>Seissiger<\/em> Special-Bam LTE vielfach in der Praxis bew\u00e4hrt, weil sie zuverl\u00e4ssig ist und einen weitaus h\u00f6heren Nutzen, als reine Fallenmeldesysteme, bietet:<\/p>\n<p>An Stelle oder zus\u00e4tzlich der Ausl\u00f6sung durch eine Bewegungsmelder der Kamera wird hierzu eine mehrfache t\u00e4gliche und regelm\u00e4\u00dfige Ausl\u00f6sung eingestellt (z.B. 3x t\u00e4glich, alle 8 Stunden) und\/oder eine Aufnahme per Fernsteuerung ausgel\u00f6st. Wodurch die Ausl\u00f6sung erfolgt ist, kann durch ein Symbol auf den Bildstempel auf den Aufnahmen gekennzeichnet werden. Das hat den gro\u00dfen Vorteil, dass du als Fallensteller ohne gro\u00dfen Kontrollaufwand erf\u00e4hrst was die Falle ausgel\u00f6st har und wodurch, und das sofort. Wenn ein St\u00fcck Wild \/ Tier gefangen wurde kann sofort reagiert werden.<\/p>\n<p>An den <em>Seissiger Wildkameras<\/em> kommt nichts vorbei!<\/p>\n<p>Bei uns gibt es nur das Beste an <em>Wildkameras<\/em> &amp; Fotofallen f\u00fcr Outdoor, Jagd, \u00dcberwachungskameras und Videofallen.<\/p>\n<p>Wir, von der Beier Distribution GmbH, haben uns f\u00fcr <em>Seissiger<\/em> <em>Wildkameras<\/em> entschieden, weil sie uns durch ihre Robustheit und Zuverl\u00e4ssigkeit \u00fcberzeugt haben. Wir setzen diese <em>Wildkameras<\/em> auch in unserem eigenen Revier ein und sind sehr zufrieden damit. Wir wisse immer was in unserem Revier gerade los ist.<\/p>\n<p>Ein weiterer Grund die <em>Wildkameras<\/em> von Seissiger in unser Programm aufzunehmen war, das die Produktion er Kameras in Deutschland gemacht wird. Made in Germany, das ist gut hat uns \u00fcberzeugt.<\/p>\n<p>Die <em>Wildkameras<\/em> von <em>Seissiger<\/em> sparen auch jede Menge an Zeit. Denn man muss nicht st\u00e4ndig im Revier oder zu dem zu \u00fcberwachenden Objekt hinfahren, man hat es einfach im Blick. Bei allen denkbaren Einsatzm\u00f6glichkeiten unterst\u00fctzen die <em>Wildkameras<\/em> von <em>Seissiger<\/em> auf hochmodere und zuverl\u00e4ssige Art und Weise. F\u00fcr uns sind sie als Revierhelfer unverzichtbar geworden. Sie helfen Informationen zu sammeln und geben dem J\u00e4ger einen tiefen Einblick in das Wildverhalten. Was letztendlich dein Jagderfolg steigert, was auch eine gewisse Effektivit\u00e4t darstellt.<\/p>\n<p>Bei Objekt\u00fcberwachung eingesetzt gebe sie einen schnell einen Einblick in ungekl\u00e4rte Vorg\u00e4nge. Oder man denke nur an illegale M\u00fcllentsorgung, Holzdiebstahl\u2026 Das sind alles Einsatzgebiete der Wildkameras.<\/p>\n<p>Ein absolutes High Light ist die 2-Wege-Kommunikation der <em>Seissiger Wildkameras<\/em>: Die 2-Wege-Kommunikation erm\u00f6glicht dir direkt per\u00a0<a href=\"https:\/\/www.seissiger-wildkamera.eu\/supersim\/\"><em>SUPERSIM-<\/em><strong>App<\/strong><\/a>\u00a0und\/oder\u00a0<a href=\"https:\/\/www.seissiger-wildkamera.eu\/supersim\/\"><em>SUPERSIM-<\/em><strong>Portal<\/strong><\/a>\u00a0folgende Befehle direkt an die Kamera senden zu k\u00f6nnen: manuelle Foto- Videoausl\u00f6sung, Ver\u00e4nderung der Kameraeinstellungen, Download von Fotos und Videos. So kannst Du wenn von N\u00f6ten sofort reagieren.<\/p>\n<p><u>Funktionsweise<\/u><\/p>\n<p>Durch eine Bewegung wird die <em>Wildkamera<\/em> aktiviert, sie macht dann sofort zun\u00e4chst ein Foto mit bis zu 12 MP Aufl\u00f6sung ein Foto. Die komprimierte Version dieses Fotos wird dann mit der\u00a0<em><strong>SUPERSIM<\/strong><\/em><strong>-Karte<\/strong>\u00a0per E-Mail oder auch direkt \u00fcbers Internet verschickt. Zeitgleich wird die hochaufl\u00f6sende Version des Bildes oder des\u00a0<em><strong>HD<\/strong><\/em><strong>-Videos<\/strong>\u00a0auf der internen 16 GB SDHC-SD-Karte gespeichert. Diese Version kann dann jederzeit manuell abgerufen werden.<\/p>\n<p><u>Das Angebot<\/u><\/p>\n<p>Wir bieten die <em>Wildkameras<\/em> mit n\u00fctzlichem Zubeh\u00f6r welches vom soliden Einsteigermodell im Komplettpaket bis hin zur marktf\u00fchrenden <em>Seissiger<\/em> Funkwildkamera reicht. Bei dieser Funkwildkamera wird die Bild\u00fcbertragung per E-Mail oder Internet realisiert.<\/p>\n<p>Diebstahl<\/p>\n<p>Es kommt immer wieder vor, dass <em>Wildkamera<\/em>s gestohlen werden. Wir bieten hier im Zubeh\u00f6r einige Dinge an die einen Diebstahl erschweren. Zus\u00e4tzlich sollte man aber auch \u00fcber die Tarnung der <em>Wildkameras<\/em> nachdenken, sowie der menschlichen h\u00e4ufigsten Aufmerksamkeit.<\/p>\n<p>Unsere Erfahrung zeigt, dass eine Tarnung der <em>Wildkamera<\/em> \/ \u00dcberwachungskamera viele Diebst\u00e4hle verhindert. Was die Diebe nicht sehen, k\u00f6nnen Sie nicht mitnehmen.<\/p>\n<p>In welcher H\u00f6he bringt man die <em>Wildkamera<\/em> an? Menschen schenken gew\u00f6hnlich Dingen die sich in Augenh\u00f6he befinden eine gr\u00f6\u00dfere Aufmerksamkeit als dingen die sich in Bodenn\u00e4he oder \u00fcber ihnen befinden. Platzieren Sie die <em>Seissiger Wildkamera<\/em> aufgrund dessen in einer H\u00f6he von \u00fcber 2 Metern oder mehr oder in Bodenn\u00e4he. Vergessen Sie nicht die Neigung der Wildkamera anzupassen. Teste die Kamera, ob sie immer das w\u00fcnschte aufnimmt. Aber Achtung, immer die Gesetzeslage beachten. Im \u00f6ffentlichen Raum d\u00fcrfen keine Fotos oder Videos von 3. Personen gemacht werden (Stichwort: Recht am eigenen Bild)<\/p>\n<p>Quelle: <a href=\"http:\/\/www.secacam.com\/de\/ratgeber\/tarnung\">www.secacam.com\/de\/ratgeber\/tarnung<\/a> &#8211; wir brauchen ein eigenes Bild!<\/p>\n<p>Sollte eine <em>Wildkamera<\/em> mal beschlagen, besonders bei K\u00e4lte, dann erh\u00f6he die Position der Kamera, das hilft oft.<\/p>\n<p><u>W\u00e4he den richtigen Hintergrund! <\/u><\/p>\n<p>Die Oberfl\u00e4che der <em>Wildkameras<\/em> sind Pflanzen nachempfunden, was die <em>Wildkamera<\/em> in einer nat\u00fcrlichen Umgebung gut tarnt. Beachte immer, das sich die Wildkamera nicht vom Hintergrund abhebt, die muss mit dem Hintergrund verschmelzen.<\/p>\n<p><strong>Vor der gelben, kahlen Hauswand ist die SECACAM eher auff\u00e4llig.<\/strong><\/p>\n<p><strong>Durch das wilde, gr\u00fcne Efeu ist die SECACAM mit ihrer Naturoptik schwerer zu entdecken.<\/strong><\/p>\n<p>Muss im Haus inneren \u00fcberwacht werden, leisten Zimmerpflanzen oft gute Dienste.<\/p>\n<p>Oder mit einem Karton oder einem Buch, das entsprechend f\u00fcr die Sensorik und Kamera ausgeschnitten ist. Oder in einem Regal in den Dekomaterial liegt, das ist ein guter Platz f\u00fcr ie Kamera.<\/p>\n<p>Zum Tarnen der <em>Wildkamera<\/em> in der nat\u00fcrlichen Umgebung kannst du Camo-Klebeb\u00e4nder wenden. Mosse oder Holz,- Rindenst\u00fccke mit Hei\u00dfkleber angebracht tarnt auch sehr gut. Aber Achtung, das geht in der Regel nicht mehr ab. Sehr gut funktionieren auch Cambush Tarnungen, diese l\u00e4sst die Wildkamera mit dem Hintergrund verschmelzen.<\/p>\n<p>Ein entsprechend umgebautes Vogelh\u00e4uschen oder ein Nistkasten sind richtig gut Tarnmittel.<\/p>\n<p>Zum Schluss noch ein Hinweis: Kamera nicht hinter Glas anbringen, in der Nacht wird der Schwarzblitz der Wildkamera vom Glas reflektiert und die Bilder werden \u00fcber belichtet.<\/p>\n<p><u>Noch der Rechtliche Hinweis, worauf musst du achten, wenn die Wildkameras oder \u00dcberwachungskameras einsetzt? <\/u><\/p>\n<p>Nutzung im privaten Bereich:<\/p>\n<p>Rein Grunds\u00e4tzlich darfst du auf deinem Grundst\u00fcck oder Haus \u00dcberwachungskameras anbringen. Nicht zu vergessen ist, das jede Person per Gesetz ein Pers\u00f6nlichkeitsrecht genie\u00dft. Das hei\u00dft, du musst die Personen \u00fcber die Anbringung von Kameras in Kenntnis setzen, die das Grundst\u00fcck betritt. Die einfachste L\u00f6sung ist das anbringen eines Schilds mit dem Hinweis anzubringen, dass das Grundst\u00fcck Video \u00fcberwacht wird.<\/p>\n<p>Du muss auch darauf achten, dass nicht \u00fcber Grundst\u00fcckgrenzen hinaus Aufnahmen mit der Wildkamera \/ \u00dcberwachungskamera gemacht werden. Nicht das Nachbarn oder Passanten auf fotografiert oder gefilmt werden, das w\u00fcrde in das allgemeine Pers\u00f6nlichkeitsrecht eingreifen.<\/p>\n<p>Grunds\u00e4tzliche gilt: Richte die Wildkamera \/ \u00dcberwachungskamera nicht auf auf fremde Grundst\u00fccke oder in den \u00d6ffentlichen Raum aus, die \u00fcber dein privates Grundst\u00fcck hinausgeht.<\/p>\n<p><u>Welche Ausnahmen gibt es:<\/u><\/p>\n<p>Du hast jemanden in deinem Haushalt oder deiner Firma angestellt und es fehlt immer mal wieder Geld oder andere Gegenst\u00e4nde und Waren ist eine \u00dcberwachung zur Aufkl\u00e4rung zul\u00e4ssig.<\/p>\n<p>In Firmen in denen Mitarbeiter mit Geld umgehen, oder in Tresorr\u00e4umen zu tun haben d\u00fcrfen Kameras installiert werden. Allerdings sind die Mitarbeiter dar\u00fcber in Kenntnis zu setzen.<\/p>\n<p>Wenn in Firmen Kameras angebracht werden, ist es generell gut sich vorher von einem Rechtsanwalt sich beraten zu lassen.<\/p>\n<p>Oder dein Auto wurde schon mehrfach besch\u00e4digt, dann darf zur \u00dcberf\u00fchrung des oder der T\u00e4ter der Bereich \u00fcberwacht werden. In dem Fall empfiehlt sich aber das Ordnungsamt mit einzuschalten.<\/p>\n<p>Ob vor Gericht Video oder Bildmaterial als Beweismittel gelten ist immer vom Einzelfall abh\u00e4ngig. Die Richter wegen da oft die w\u00e4gen die Pers\u00f6nlichkeitsrechte mit den Verwertungsinteresse desjenigen der die Aufnahmen gemacht hat ab. Wer sich hier vorher anwaltlich Beratung l\u00e4sst ist gut beraten.<\/p>\n<p><u>Die Wildkamera im Wald<\/u><\/p>\n<p>Wald ist in Deutschland, auch Privatwald, immer \u00f6ffentlicher Raum. Das Gesetz stellt hier das Recht des J\u00e4gern sein Revier oder den Privatwald zu \u00fcberwachen immer hinter den Pers\u00f6nlichkeitsrechten.<\/p>\n<p>Normalerweise ist es aber erlaubt Kirrungen mit Wildkameras zu \u00fcberwachen, da diese Bereiche noch von Privatpersonen nicht betreten werden d\u00fcrfen.<\/p>\n<p>Fazit:<\/p>\n<p>Ob du, ganz egal wo, Wildkameras oder \u00dcberwachungskameras anbringst und dort Personen auf nimmst ist das immer ein Versto\u00dft gegen das Pers\u00f6nlichkeitsrecht. Wie dann evtl. ein Richter entscheidet, ob das als Beweismittel zul\u00e4ssig ist oder das Pers\u00f6nlichkeitsrecht \u00fcberwiegt wird sich nur im Einzelfall entscheiden.<\/p>\n<\/div><\/section>\n","protected":false},"excerpt":{"rendered":"","protected":false},"author":1,"featured_media":0,"parent":251,"menu_order":0,"comment_status":"closed","ping_status":"closed","template":"","meta":{"footnotes":""},"class_list":["post-366","page","type-page","status-publish","hentry"],"yoast_head":"<!-- This site is optimized with the Yoast SEO plugin v27.1.1 - https:\/\/yoast.com\/product\/yoast-seo-wordpress\/ -->\n<title>Warum Seissiger? - Nachtsicht-Jagd<\/title>\n<meta name=\"robots\" content=\"index, follow, max-snippet:-1, max-image-preview:large, max-video-preview:-1\" \/>\n<link rel=\"canonical\" href=\"https:\/\/www.nachtsicht-jagd.de\/ratgeber\/ratgeber\/seissiger-wildkamera-hilfe\/warum-seissiger\/\" \/>\n<meta property=\"og:locale\" content=\"de_DE\" \/>\n<meta property=\"og:type\" content=\"article\" \/>\n<meta property=\"og:title\" content=\"Warum Seissiger? - Nachtsicht-Jagd\" \/>\n<meta property=\"og:url\" content=\"https:\/\/www.nachtsicht-jagd.de\/ratgeber\/ratgeber\/seissiger-wildkamera-hilfe\/warum-seissiger\/\" \/>\n<meta property=\"og:site_name\" content=\"Nachtsicht-Jagd\" \/>\n<meta name=\"twitter:card\" content=\"summary_large_image\" \/>\n<meta name=\"twitter:label1\" content=\"Gesch\u00e4tzte Lesezeit\" \/>\n\t<meta name=\"twitter:data1\" content=\"2\u00a0Minuten\" \/>\n<script type=\"application\/ld+json\" class=\"yoast-schema-graph\">{\"@context\":\"https:\/\/schema.org\",\"@graph\":[{\"@type\":\"WebPage\",\"@id\":\"https:\/\/www.nachtsicht-jagd.de\/ratgeber\/ratgeber\/seissiger-wildkamera-hilfe\/warum-seissiger\/\",\"url\":\"https:\/\/www.nachtsicht-jagd.de\/ratgeber\/ratgeber\/seissiger-wildkamera-hilfe\/warum-seissiger\/\",\"name\":\"Warum Seissiger? - Nachtsicht-Jagd\",\"isPartOf\":{\"@id\":\"https:\/\/www.nachtsicht-jagd.de\/ratgeber\/#website\"},\"datePublished\":\"2023-04-03T11:58:21+00:00\",\"breadcrumb\":{\"@id\":\"https:\/\/www.nachtsicht-jagd.de\/ratgeber\/ratgeber\/seissiger-wildkamera-hilfe\/warum-seissiger\/#breadcrumb\"},\"inLanguage\":\"de\",\"potentialAction\":[{\"@type\":\"ReadAction\",\"target\":[\"https:\/\/www.nachtsicht-jagd.de\/ratgeber\/ratgeber\/seissiger-wildkamera-hilfe\/warum-seissiger\/\"]}]},{\"@type\":\"BreadcrumbList\",\"@id\":\"https:\/\/www.nachtsicht-jagd.de\/ratgeber\/ratgeber\/seissiger-wildkamera-hilfe\/warum-seissiger\/#breadcrumb\",\"itemListElement\":[{\"@type\":\"ListItem\",\"position\":1,\"name\":\"Startseite\",\"item\":\"https:\/\/www.nachtsicht-jagd.de\/ratgeber\/\"},{\"@type\":\"ListItem\",\"position\":2,\"name\":\"Ratgeber\",\"item\":\"https:\/\/www.nachtsicht-jagd.de\/ratgeber\/ratgeber\/\"},{\"@type\":\"ListItem\",\"position\":3,\"name\":\"Seissiger Wildkamera-Hilfe\",\"item\":\"https:\/\/www.nachtsicht-jagd.de\/ratgeber\/ratgeber\/seissiger-wildkamera-hilfe\/\"},{\"@type\":\"ListItem\",\"position\":4,\"name\":\"Warum Seissiger?\"}]},{\"@type\":\"WebSite\",\"@id\":\"https:\/\/www.nachtsicht-jagd.de\/ratgeber\/#website\",\"url\":\"https:\/\/www.nachtsicht-jagd.de\/ratgeber\/\",\"name\":\"Nachtsicht-Jagd\",\"description\":\"Offizieller DIYCON Vertriebspartner\",\"potentialAction\":[{\"@type\":\"SearchAction\",\"target\":{\"@type\":\"EntryPoint\",\"urlTemplate\":\"https:\/\/www.nachtsicht-jagd.de\/ratgeber\/?s={search_term_string}\"},\"query-input\":{\"@type\":\"PropertyValueSpecification\",\"valueRequired\":true,\"valueName\":\"search_term_string\"}}],\"inLanguage\":\"de\"}]}<\/script>\n<!-- \/ Yoast SEO plugin. -->","yoast_head_json":{"title":"Warum Seissiger? - Nachtsicht-Jagd","robots":{"index":"index","follow":"follow","max-snippet":"max-snippet:-1","max-image-preview":"max-image-preview:large","max-video-preview":"max-video-preview:-1"},"canonical":"https:\/\/www.nachtsicht-jagd.de\/ratgeber\/ratgeber\/seissiger-wildkamera-hilfe\/warum-seissiger\/","og_locale":"de_DE","og_type":"article","og_title":"Warum Seissiger? - Nachtsicht-Jagd","og_url":"https:\/\/www.nachtsicht-jagd.de\/ratgeber\/ratgeber\/seissiger-wildkamera-hilfe\/warum-seissiger\/","og_site_name":"Nachtsicht-Jagd","twitter_card":"summary_large_image","twitter_misc":{"Gesch\u00e4tzte Lesezeit":"2\u00a0Minuten"},"schema":{"@context":"https:\/\/schema.org","@graph":[{"@type":"WebPage","@id":"https:\/\/www.nachtsicht-jagd.de\/ratgeber\/ratgeber\/seissiger-wildkamera-hilfe\/warum-seissiger\/","url":"https:\/\/www.nachtsicht-jagd.de\/ratgeber\/ratgeber\/seissiger-wildkamera-hilfe\/warum-seissiger\/","name":"Warum Seissiger? - Nachtsicht-Jagd","isPartOf":{"@id":"https:\/\/www.nachtsicht-jagd.de\/ratgeber\/#website"},"datePublished":"2023-04-03T11:58:21+00:00","breadcrumb":{"@id":"https:\/\/www.nachtsicht-jagd.de\/ratgeber\/ratgeber\/seissiger-wildkamera-hilfe\/warum-seissiger\/#breadcrumb"},"inLanguage":"de","potentialAction":[{"@type":"ReadAction","target":["https:\/\/www.nachtsicht-jagd.de\/ratgeber\/ratgeber\/seissiger-wildkamera-hilfe\/warum-seissiger\/"]}]},{"@type":"BreadcrumbList","@id":"https:\/\/www.nachtsicht-jagd.de\/ratgeber\/ratgeber\/seissiger-wildkamera-hilfe\/warum-seissiger\/#breadcrumb","itemListElement":[{"@type":"ListItem","position":1,"name":"Startseite","item":"https:\/\/www.nachtsicht-jagd.de\/ratgeber\/"},{"@type":"ListItem","position":2,"name":"Ratgeber","item":"https:\/\/www.nachtsicht-jagd.de\/ratgeber\/ratgeber\/"},{"@type":"ListItem","position":3,"name":"Seissiger Wildkamera-Hilfe","item":"https:\/\/www.nachtsicht-jagd.de\/ratgeber\/ratgeber\/seissiger-wildkamera-hilfe\/"},{"@type":"ListItem","position":4,"name":"Warum Seissiger?"}]},{"@type":"WebSite","@id":"https:\/\/www.nachtsicht-jagd.de\/ratgeber\/#website","url":"https:\/\/www.nachtsicht-jagd.de\/ratgeber\/","name":"Nachtsicht-Jagd","description":"Offizieller DIYCON Vertriebspartner","potentialAction":[{"@type":"SearchAction","target":{"@type":"EntryPoint","urlTemplate":"https:\/\/www.nachtsicht-jagd.de\/ratgeber\/?s={search_term_string}"},"query-input":{"@type":"PropertyValueSpecification","valueRequired":true,"valueName":"search_term_string"}}],"inLanguage":"de"}]}},"_links":{"self":[{"href":"https:\/\/www.nachtsicht-jagd.de\/ratgeber\/wp-json\/wp\/v2\/pages\/366","targetHints":{"allow":["GET"]}}],"collection":[{"href":"https:\/\/www.nachtsicht-jagd.de\/ratgeber\/wp-json\/wp\/v2\/pages"}],"about":[{"href":"https:\/\/www.nachtsicht-jagd.de\/ratgeber\/wp-json\/wp\/v2\/types\/page"}],"author":[{"embeddable":true,"href":"https:\/\/www.nachtsicht-jagd.de\/ratgeber\/wp-json\/wp\/v2\/users\/1"}],"replies":[{"embeddable":true,"href":"https:\/\/www.nachtsicht-jagd.de\/ratgeber\/wp-json\/wp\/v2\/comments?post=366"}],"version-history":[{"count":2,"href":"https:\/\/www.nachtsicht-jagd.de\/ratgeber\/wp-json\/wp\/v2\/pages\/366\/revisions"}],"predecessor-version":[{"id":368,"href":"https:\/\/www.nachtsicht-jagd.de\/ratgeber\/wp-json\/wp\/v2\/pages\/366\/revisions\/368"}],"up":[{"embeddable":true,"href":"https:\/\/www.nachtsicht-jagd.de\/ratgeber\/wp-json\/wp\/v2\/pages\/251"}],"wp:attachment":[{"href":"https:\/\/www.nachtsicht-jagd.de\/ratgeber\/wp-json\/wp\/v2\/media?parent=366"}],"curies":[{"name":"wp","href":"https:\/\/api.w.org\/{rel}","templated":true}]}}